{"id":596,"date":"2018-09-14T14:03:23","date_gmt":"2018-09-14T14:03:23","guid":{"rendered":"https:\/\/www.hotelbartolomeo.com\/privacy-newsletter\/"},"modified":"2018-09-14T14:09:45","modified_gmt":"2018-09-14T14:09:45","slug":"privacy-newsletter","status":"publish","type":"page","link":"https:\/\/www.hotelbartolomeo.com\/fr\/privacy-newsletter\/","title":{"rendered":"Privacy newsletter"},"content":{"rendered":"<p><strong>Regolamento newsletter<\/strong><\/p>\n<p>L&#8217;iscrizione al servizio di newsletter del portale <a href=\"https:\/\/www.hotelbartolomeo.com\">www.hotelbartolomeo.com<\/a> avviene a titolo gratuito e comporta la piena accettazione delle presenti condizioni da parte dell&#8217;utente. Una volta inviata la richiesta di iscrizione, l&#8217;utente ricever\u00e0 conferma attraverso l\u2019indirizzo di posta elettronica fornito secondo le procedure previste dalla tecnologia double opt-in.<\/p>\n<p>Il servizio prevede l&#8217;invio di mail informative riguardanti offerte e promozioni, eventi, presentazioni di nuovi servizi\/prodotti, ecc. La nostra azienda si impegna, nei limiti delle proprie possibilit\u00e0, a garantire la qualit\u00e0 e la continuit\u00e0 del servizio, e a lavorare per migliorarlo nel tempo, tuttavia si riserva il diritto di sospenderne l&#8217;erogazione in qualsiasi momento, anche senza preavviso.<\/p>\n<p>Poich\u00e9 l&#8217;indirizzo e-mail \u00e8 l&#8217;unico riferimento che il portale utilizza per contattare l&#8217;utente, in caso di irraggiungibilit\u00e0, indisponibilit\u00e0 o inesistenza della casella e-mail, HOTEL BARTOLOMEO BORSO SRL si riserva la facolt\u00e0 di revocare l&#8217;iscrizione al servizio di Newsletter.<\/p>\n<p>Anche l&#8217;utente iscritto pu\u00f2, in qualunque momento, revocare l&#8217;iscrizione al servizio di newsletter cliccando sull\u2019apposito link contenuto nelle mail ricevute. \u00a0<em>\u00a0<\/em><\/p>\n<p><strong>Informativa art. 13 Regolamento Europeo GDPR 679\/2016 per il trattamento di dati<\/strong> <strong>personali (form \u201cnewsletter\u201d)<\/strong><\/p>\n<p>Gentile Visitatore,<\/p>\n<p>con l\u2019iscrizione alla newsletter dichiara di accettare le condizioni di trattamento dei dati riportate nel presente foglio informativo.<\/p>\n<p>ai sensi dell\u2019articolo 13 del regolamento Europeo GDPR 679\/2016, sulla tutela delle persone e di altri soggetti rispetto al trattamento dei dati personali, il trattamento delle informazioni che La riguardano, sar\u00e0 improntato ai principi di correttezza, liceit\u00e0 e trasparenza e tutelando la Sua riservatezza e i Suoi diritti.<\/p>\n<p>Ai sensi di quanto sopra indicato, Le forniamo quindi le seguenti informazioni.<\/p>\n<ol>\n<li>I dati da Lei forniti verranno trattati per le seguenti finalit\u00e0\n<ol>\n<li>aderire alla ricezione della nostra newsletter<\/li>\n<\/ol>\n<\/li>\n<li>Il trattamento sar\u00e0 effettuato sia attraverso strumenti informatici che in modo manuale ad opera di soggetti appositamente incaricati. I dati saranno conservati presso i nostri archivi digitali e informatici e comunque nel territorio nazionale.<\/li>\n<li>Nell\u2019ambito dei trattamenti sopra descritti \u00e8 necessaria la conoscenza e la memorizzazione di tutti i dati indispensabili (campi obbligatori). L&#8217;eventuale rifiuto a fornire tali dati comporta l\u2019impossibilit\u00e0 di ricevere la nostra newsletter<\/li>\n<li>I dati da lei forniti potranno essere oggetto di comunicazione a altre societ\u00e0 ed Enti unicamente per la gestione del nostro servizio di booking online e per l\u2019espletamento degli obblighi di legge come riportato nelle privacy policy che regolamentano il presente sito internet.<\/li>\n<li>I dati da lei forniti verranno trattati e conservati sino ad espletamento della presente richiesta e degli obblighi di legge e successivamente cancellati o trasformati in forma anonima fatto salvo sua diversa esplicita richiesta.<\/li>\n<li>I dati non saranno oggetto di diffusione a terzi.<\/li>\n<li>Il titolare del trattamento \u00e8: HOTEL BARTOLOMEO BORSO SRL, San Marco 5494 &#8211; 30124 Venezia\u00a0(VE)<\/li>\n<li>In ogni momento potr\u00e0 esercitare i Suoi diritti nei confronti del titolare del trattamento, ai sensi degli artt. 15 e ss. del Regolamento Europeo GDPR 679\/2016 contattandoci ai recapiti indicati nella presente informativa, inviando una mail all\u2019indirizzo <a href=\"mailto:info@hotelbartolomeoborso.com\">info@hotelbartolomeoborso.com<\/a><\/li>\n<\/ol>\n","protected":false},"excerpt":{"rendered":"<p>Regolamento newsletter L&#8217;iscrizione al servizio di newsletter del portale www.hotelbartolomeo.com avviene a titolo gratuito e [&hellip;]<\/p>\n","protected":false},"author":1,"featured_media":0,"parent":0,"menu_order":4,"comment_status":"closed","ping_status":"closed","template":"page-left.php","meta":[],"_links":{"self":[{"href":"https:\/\/www.hotelbartolomeo.com\/fr\/wp-json\/wp\/v2\/pages\/596\/"}],"collection":[{"href":"https:\/\/www.hotelbartolomeo.com\/fr\/wp-json\/wp\/v2\/pages\/"}],"about":[{"href":"https:\/\/www.hotelbartolomeo.com\/fr\/wp-json\/wp\/v2\/types\/page\/"}],"author":[{"embeddable":true,"href":"https:\/\/www.hotelbartolomeo.com\/fr\/wp-json\/wp\/v2\/users\/1\/"}],"replies":[{"embeddable":true,"href":"https:\/\/www.hotelbartolomeo.com\/fr\/wp-json\/wp\/v2\/comments\/?post=596"}],"version-history":[{"count":1,"href":"https:\/\/www.hotelbartolomeo.com\/fr\/wp-json\/wp\/v2\/pages\/596\/revisions\/"}],"predecessor-version":[{"id":598,"href":"https:\/\/www.hotelbartolomeo.com\/fr\/wp-json\/wp\/v2\/pages\/596\/revisions\/598\/"}],"wp:attachment":[{"href":"https:\/\/www.hotelbartolomeo.com\/fr\/wp-json\/wp\/v2\/media\/?parent=596"}],"curies":[{"name":"wp","href":"https:\/\/api.w.org\/{rel}","templated":true}]}}