{"id":52,"date":"2017-04-27T08:09:03","date_gmt":"2017-04-27T08:09:03","guid":{"rendered":"https:\/\/www.hotelbartolomeo.com\/special-offers\/"},"modified":"2019-08-19T15:23:30","modified_gmt":"2019-08-19T15:23:30","slug":"offerte-speciali","status":"publish","type":"page","link":"https:\/\/www.hotelbartolomeo.com\/it\/offerte-speciali\/","title":{"rendered":"Offerte Speciali"},"content":{"rendered":"<p><a href=\"https:\/\/reservations.verticalbooking.com\/reservations\/index_pacchetti.html?id_albergo=3178&amp;dc=1930&amp;lingua_int=ita&amp;id_stile=11182\"><strong>Pacchetti<\/strong><\/a><\/p>\n<p><strong>Special Days<\/strong><br \/>\nIn questa pagina sono inserite alcune offerte particolarmente vantaggiose ma riferite a periodi ben determinati.<br \/>\nPotete usufruire di queste offerte direttamente utilizzando il sistema automatico di prenotazione.<br \/>\nQueste offerte sono soggette a variazioni settimanali per cui vi invitiamo a visualizzarle frequentemente per trovare la soluzione ottimale.<\/p>\n<p><a href=\"https:\/\/reservations.verticalbooking.com\/reservations\/index.html?lingua_int=ita&amp;id_stile=11182&amp;id_albergo=3178&amp;dc=1930\"><strong>Last Minute<\/strong><\/a><br \/>\nState organizzando una vacanza all&#8217;ultimo minuto?<br \/>\nConsultate le nostre offerte Last Minute e troverete la soluzione piu&#8217; giusta per voi.<\/p>\n<p><strong><a href=\"https:\/\/reservations.verticalbooking.com\/reservations\/index.html?lingua_int=eng&amp;id_stile=11182&amp;id_albergo=3178&amp;dc=1930\">Guest Code<\/a><br \/>\n<\/strong>Questa sezione \u00e8 dedicata ai Clienti che sono gi\u00e0 stati ospiti dell&#8217;hotel e che hanno gia&#8217; ottenuto un particolare &#8220;Codice Cliente&#8221; che permetter\u00e0 loro di poter usufruire di offerte dedicate.<br \/>\nPer prenotare con il sistema a conferma immediata \u00e8 sufficiente cliccare qui sotto ed inserire il proprio Codice Cliente nell&#8217;apposito spazio.<\/p>\n<p><strong>\u00a0<\/strong><\/p>\n","protected":false},"excerpt":{"rendered":"<p>Pacchetti Special Days In questa pagina sono inserite alcune offerte particolarmente vantaggiose ma riferite a [&hellip;]<\/p>\n","protected":false},"author":1,"featured_media":0,"parent":0,"menu_order":54,"comment_status":"closed","ping_status":"closed","template":"page-offer.php","meta":[],"_links":{"self":[{"href":"https:\/\/www.hotelbartolomeo.com\/it\/wp-json\/wp\/v2\/pages\/52\/"}],"collection":[{"href":"https:\/\/www.hotelbartolomeo.com\/it\/wp-json\/wp\/v2\/pages\/"}],"about":[{"href":"https:\/\/www.hotelbartolomeo.com\/it\/wp-json\/wp\/v2\/types\/page\/"}],"author":[{"embeddable":true,"href":"https:\/\/www.hotelbartolomeo.com\/it\/wp-json\/wp\/v2\/users\/1\/"}],"replies":[{"embeddable":true,"href":"https:\/\/www.hotelbartolomeo.com\/it\/wp-json\/wp\/v2\/comments\/?post=52"}],"version-history":[{"count":4,"href":"https:\/\/www.hotelbartolomeo.com\/it\/wp-json\/wp\/v2\/pages\/52\/revisions\/"}],"predecessor-version":[{"id":652,"href":"https:\/\/www.hotelbartolomeo.com\/it\/wp-json\/wp\/v2\/pages\/52\/revisions\/652\/"}],"wp:attachment":[{"href":"https:\/\/www.hotelbartolomeo.com\/it\/wp-json\/wp\/v2\/media\/?parent=52"}],"curies":[{"name":"wp","href":"https:\/\/api.w.org\/{rel}","templated":true}]}}